{"id":95,"date":"2022-08-09T14:47:56","date_gmt":"2022-08-09T12:47:56","guid":{"rendered":"https:\/\/www.lesacrecoeur.be\/SC\/?page_id=95"},"modified":"2026-04-10T17:02:24","modified_gmt":"2026-04-10T15:02:24","slug":"notre-pedagogie-en-un-clic","status":"publish","type":"page","link":"https:\/\/www.lesacrecoeur.be\/SC\/notre-pedagogie-en-un-clic\/","title":{"rendered":"Une p\u00e9dagogie au service de chaque enfant"},"content":{"rendered":"\n<p><br>Au Sacr\u00e9-C\u0153ur de Stockel, nous croyons en une p\u00e9dagogie vivante, \u00e9volutive et ouverte sur le monde. Nous continuons \u00e0 nous former aux approches p\u00e9dagogiques actuelles afin de r\u00e9pondre aux besoins de chaque \u00e9l\u00e8ve, dans un climat serein et bienveillant.<\/p>\n\n\n\n<p>Nous pla\u00e7ons la <strong>collaboration \u00e9cole-famille<\/strong> au c\u0153ur de notre projet : un v\u00e9ritable partenariat pour accompagner chaque enfant dans son parcours.<\/p>\n\n\n\n<p class=\"has-normal-font-size\"><strong><em>Nos principes p\u00e9dagogiques<\/em><\/strong><br>Notre approche se construit autour de valeurs fortes, dont <strong>les valeurs chr\u00e9tiennes du vivre ensemble<\/strong>, et se r\u00e9sume en quelques points cl\u00e9s :<\/p>\n\n\n\n<p>\ud83c\udf31 Favoriser l\u2019\u00e9panouissement personnel de chaque \u00e9l\u00e8ve.<\/p>\n\n\n\n<p>\ud83d\ude0a Donner <strong>le go\u00fbt de venir \u00e0 l\u2019\u00e9cole <\/strong>et le plaisir d\u2019apprendre.<\/p>\n\n\n\n<p>\ud83e\udd1d Instaurer un climat propice aux apprentissages : coop\u00e9ration, ambiance positive, pleine conscience, massages, respect du rythme de chacun, &#8230;<\/p>\n\n\n\n<p>\ud83c\udfaf Proposer une p\u00e9dagogie o\u00f9 l\u2019enfant devient acteur de ses apprentissages, \u00e0 travers des projets, des d\u00e9fis et des situations concr\u00e8tes, favorisant les essais et les erreurs.<\/p>\n\n\n\n<p>\ud83e\udde0 Encourager une <strong>p\u00e9dagogie participative<\/strong> : autonomie, responsabilit\u00e9, entraide, esprit critique.<\/p>\n\n\n\n<p>\ud83e\udde9 Accompagner chaque \u00e9l\u00e8ve selon ses besoins sp\u00e9cifiques gr\u00e2ce \u00e0 la <strong>diff\u00e9renciation<\/strong>, au travail en petits groupes, \u00e0 la rem\u00e9diation imm\u00e9diate et aux contrats individualis\u00e9s.<\/p>\n\n\n\n<p class=\"has-normal-font-size\"><strong><em>Un choix fort : le co-enseignement<\/em><\/strong><br>Depuis plus de 5 ans, nous avons fait le choix du <strong>co-enseignement<\/strong>, c\u2019est-\u00e0-dire la pr\u00e9sence de plusieurs enseignants dans la m\u00eame classe. Cette approche permet une r\u00e9ponse rapide et adapt\u00e9e \u00e0 chaque enfant, un regard crois\u00e9 sur les besoins et une vari\u00e9t\u00e9 de m\u00e9thodes p\u00e9dagogiques.<\/p>\n\n\n\n<p><strong>Accueil \u00e0 M2<\/strong> : des assistantes maternelles accompagnent les enseignants pour garantir un cadre s\u00e9curisant et bienveillant.<\/p>\n\n\n\n<p><strong>M3<\/strong> : trois enseignantes travaillent en collaboration avec deux groupes-classes.<\/p>\n\n\n\n<p><strong>P1-P2<\/strong> : trois enseignantes pour deux classes, soit <strong>10 heures de co-enseignement par semaine<\/strong> pour chaque groupe.<\/p>\n\n\n\n<p><strong>P3 \u00e0 P6<\/strong> : chaque classe b\u00e9n\u00e9ficie de <strong>6 heures de co-enseignement hebdomadaire.<\/strong><\/p>\n\n\n\n<p class=\"has-normal-font-size\"><em><strong>Une \u00e9quipe \u00e9ducative engag\u00e9e<br><\/strong><\/em>Notre \u00e9quipe \u00e9ducative, passionn\u00e9e et engag\u00e9e, est le moteur de cette p\u00e9dagogie diff\u00e9renci\u00e9e et bienveillante.<br><strong>Un \u00e9ducateur est \u00e9galement pr\u00e9sent chaque jour<\/strong> pour accompagner les \u00e9l\u00e8ves dans leurs relations aux autres, leur place dans le groupe, et pour encadrer les temps de midi \u2014 un moment cl\u00e9 de la vie \u00e0 l\u2019\u00e9cole.<\/p>\n\n\n\n<figure class=\"wp-block-image size-full is-resized\"><img loading=\"lazy\" decoding=\"async\" width=\"399\" height=\"526\" src=\"https:\/\/www.lesacrecoeur.be\/SC\/wp-content\/uploads\/2022\/08\/Pedagogie.jpg\" alt=\"\" class=\"wp-image-65\" style=\"width:229px;height:302px\" srcset=\"https:\/\/www.lesacrecoeur.be\/SC\/wp-content\/uploads\/2022\/08\/Pedagogie.jpg 399w, https:\/\/www.lesacrecoeur.be\/SC\/wp-content\/uploads\/2022\/08\/Pedagogie-228x300.jpg 228w\" sizes=\"auto, (max-width: 399px) 100vw, 399px\" \/><\/figure>\n","protected":false},"excerpt":{"rendered":"<p>Au Sacr\u00e9-C\u0153ur de Stockel, nous croyons en une p\u00e9dagogie vivante, \u00e9volutive et ouverte sur le monde. Nous continuons \u00e0 nous former aux approches p\u00e9dagogiques actuelles afin de r\u00e9pondre aux besoins de chaque \u00e9l\u00e8ve, dans un climat serein et bienveillant. Nous pla\u00e7ons la collaboration \u00e9cole-famille au c\u0153ur de notre projet : un v\u00e9ritable partenariat pour accompagner <a class=\"more-link\" href=\"https:\/\/www.lesacrecoeur.be\/SC\/notre-pedagogie-en-un-clic\/\">Lire plus &#8230;<\/a><\/p>\n","protected":false},"author":2,"featured_media":0,"parent":0,"menu_order":0,"comment_status":"closed","ping_status":"closed","template":"","meta":{"footnotes":""},"class_list":["post-95","page","type-page","status-publish","hentry"],"_links":{"self":[{"href":"https:\/\/www.lesacrecoeur.be\/SC\/wp-json\/wp\/v2\/pages\/95","targetHints":{"allow":["GET"]}}],"collection":[{"href":"https:\/\/www.lesacrecoeur.be\/SC\/wp-json\/wp\/v2\/pages"}],"about":[{"href":"https:\/\/www.lesacrecoeur.be\/SC\/wp-json\/wp\/v2\/types\/page"}],"author":[{"embeddable":true,"href":"https:\/\/www.lesacrecoeur.be\/SC\/wp-json\/wp\/v2\/users\/2"}],"replies":[{"embeddable":true,"href":"https:\/\/www.lesacrecoeur.be\/SC\/wp-json\/wp\/v2\/comments?post=95"}],"version-history":[{"count":3,"href":"https:\/\/www.lesacrecoeur.be\/SC\/wp-json\/wp\/v2\/pages\/95\/revisions"}],"predecessor-version":[{"id":520,"href":"https:\/\/www.lesacrecoeur.be\/SC\/wp-json\/wp\/v2\/pages\/95\/revisions\/520"}],"wp:attachment":[{"href":"https:\/\/www.lesacrecoeur.be\/SC\/wp-json\/wp\/v2\/media?parent=95"}],"curies":[{"name":"wp","href":"https:\/\/api.w.org\/{rel}","templated":true}]}}