{"id":90,"date":"2022-08-09T14:43:12","date_gmt":"2022-08-09T12:43:12","guid":{"rendered":"https:\/\/www.lesacrecoeur.be\/SC\/?page_id=90"},"modified":"2025-07-14T10:27:00","modified_gmt":"2025-07-14T08:27:00","slug":"mot-de-la-direction","status":"publish","type":"page","link":"https:\/\/www.lesacrecoeur.be\/SC\/mot-de-la-direction\/","title":{"rendered":"Mot de la direction"},"content":{"rendered":"\n<p><\/p>\n\n\n\n<p>Au Sacr\u00e9-C\u0153ur de Stockel, nous croyons profond\u00e9ment que <strong>le bien-\u00eatre des enfants est au c\u0153ur de tout apprentissage<\/strong>. Ce n\u2019est pas un simple id\u00e9al, mais une valeur essentielle qui guide notre projet d\u2019\u00e9cole et qui se vit au quotidien dans chaque classe, chaque relation, chaque activit\u00e9.<\/p>\n\n\n\n<p><strong>Apprendre \u00e0 vivre ensemble<\/strong>, devenir <strong>des citoyens responsables<\/strong> dans un monde riche de ses diff\u00e9rences, s\u2019ouvrir \u00e0 l\u2019autre avec respect et bienveillance\u2026 autant de piliers qui fondent notre approche \u00e9ducative.<\/p>\n\n\n\n<p>Conscients de notre r\u00f4le en tant qu\u2019acteurs de l\u2019\u00e9ducation, nous construisons avec nos \u00e9l\u00e8ves un climat serein et positif, propice aux apprentissages. Cette dynamique se traduit par des actions concr\u00e8tes : <strong>conseils d\u2019\u00e9l\u00e8ves, construction collective des r\u00e8gles de vie<\/strong>, moments de parole en classe, projets favorisant l\u2019\u00e9coute, la coop\u00e9ration, ou encore le respect de soi et des autres.<\/p>\n\n\n\n<p>Nous mettons tout en \u0153uvre pour aider les enfants \u00e0 d\u00e9velopper leurs comp\u00e9tences relationnelles, \u00e0 mieux comprendre et <strong>exprimer leurs \u00e9motions<\/strong>, \u00e0 <strong>g\u00e9rer les conflits de mani\u00e8re constructive<\/strong>, et \u00e0 tisser des liens harmonieux avec les autres. Car ces outils les accompagneront tout au long de leur vie, \u00e0 l\u2019\u00e9cole, en famille et dans la soci\u00e9t\u00e9.<\/p>\n\n\n\n<p>En collaboration avec les parents et l\u2019ensemble de l\u2019\u00e9quipe \u00e9ducative, nous \u0153uvrons \u00e0 faire grandir chaque \u00e9l\u00e8ve dans<strong> un climat de confiance, de respect et de vivre-ensemble.<\/strong><\/p>\n\n\n\n<p><strong>G\u00e9raldine Eechaute &amp; Thomas Hendricks<\/strong><br><em>Direction du Sacr\u00e9-C\u0153ur de Stockel<\/em><\/p>\n\n\n\n<figure class=\"wp-block-image size-full is-resized\"><img loading=\"lazy\" decoding=\"async\" width=\"498\" height=\"284\" src=\"https:\/\/www.lesacrecoeur.be\/SC\/wp-content\/uploads\/2022\/08\/nuage-de-mots.jpg\" alt=\"\" class=\"wp-image-64\" style=\"width:579px;height:auto\" srcset=\"https:\/\/www.lesacrecoeur.be\/SC\/wp-content\/uploads\/2022\/08\/nuage-de-mots.jpg 498w, https:\/\/www.lesacrecoeur.be\/SC\/wp-content\/uploads\/2022\/08\/nuage-de-mots-300x171.jpg 300w\" sizes=\"auto, (max-width: 498px) 100vw, 498px\" \/><\/figure>\n","protected":false},"excerpt":{"rendered":"<p>Au Sacr\u00e9-C\u0153ur de Stockel, nous croyons profond\u00e9ment que le bien-\u00eatre des enfants est au c\u0153ur de tout apprentissage. Ce n\u2019est pas un simple id\u00e9al, mais une valeur essentielle qui guide notre projet d\u2019\u00e9cole et qui se vit au quotidien dans chaque classe, chaque relation, chaque activit\u00e9. Apprendre \u00e0 vivre ensemble, devenir des citoyens responsables dans <a class=\"more-link\" href=\"https:\/\/www.lesacrecoeur.be\/SC\/mot-de-la-direction\/\">Lire plus &#8230;<\/a><\/p>\n","protected":false},"author":2,"featured_media":0,"parent":0,"menu_order":0,"comment_status":"closed","ping_status":"closed","template":"","meta":{"footnotes":""},"class_list":["post-90","page","type-page","status-publish","hentry"],"_links":{"self":[{"href":"https:\/\/www.lesacrecoeur.be\/SC\/wp-json\/wp\/v2\/pages\/90","targetHints":{"allow":["GET"]}}],"collection":[{"href":"https:\/\/www.lesacrecoeur.be\/SC\/wp-json\/wp\/v2\/pages"}],"about":[{"href":"https:\/\/www.lesacrecoeur.be\/SC\/wp-json\/wp\/v2\/types\/page"}],"author":[{"embeddable":true,"href":"https:\/\/www.lesacrecoeur.be\/SC\/wp-json\/wp\/v2\/users\/2"}],"replies":[{"embeddable":true,"href":"https:\/\/www.lesacrecoeur.be\/SC\/wp-json\/wp\/v2\/comments?post=90"}],"version-history":[{"count":6,"href":"https:\/\/www.lesacrecoeur.be\/SC\/wp-json\/wp\/v2\/pages\/90\/revisions"}],"predecessor-version":[{"id":451,"href":"https:\/\/www.lesacrecoeur.be\/SC\/wp-json\/wp\/v2\/pages\/90\/revisions\/451"}],"wp:attachment":[{"href":"https:\/\/www.lesacrecoeur.be\/SC\/wp-json\/wp\/v2\/media?parent=90"}],"curies":[{"name":"wp","href":"https:\/\/api.w.org\/{rel}","templated":true}]}}