{"id":486,"date":"2025-09-11T17:12:04","date_gmt":"2025-09-11T15:12:04","guid":{"rendered":"https:\/\/www.lesacrecoeur.be\/SC\/?page_id=486"},"modified":"2025-09-11T17:13:35","modified_gmt":"2025-09-11T15:13:35","slug":"sport-au-sacre-coeur","status":"publish","type":"page","link":"https:\/\/www.lesacrecoeur.be\/SC\/sport-au-sacre-coeur\/","title":{"rendered":"Sport au Sacr\u00e9-Coeur"},"content":{"rendered":"\n<p class=\"has-normal-font-size\"><strong> <\/strong><br><strong>Psychomotricit\u00e9 : apprendre avec son corps<\/strong><\/p>\n\n\n\n<p>En psychomotricit\u00e9, les enfants d\u00e9couvrent et apprennent \u00e0 travers le mouvement et le jeu.<br>En explorant leur corps, l\u2019espace et les objets, ils d\u00e9veloppent leur motricit\u00e9, leur concentration, leur langage et leur confiance en eux.<br>Chaque exp\u00e9rience corporelle devient une base pr\u00e9cieuse pour les apprentissages scolaires et pour grandir en \u00e9quilibre et en harmonie.<\/p>\n\n\n\n<p><strong>\u00c9ducation physique : s\u2019\u00e9panouir seul et avec les autres<\/strong><\/p>\n\n\n\n<p>les activit\u00e9s individuelles (ex. gymnastique), qui d\u00e9veloppent la connaissance du corps, la souplesse, l\u2019\u00e9quilibre, la pr\u00e9cision et le d\u00e9passement de soi ;<\/p>\n\n\n\n<p>les sports collectifs, qui favorisent la coop\u00e9ration, l\u2019entraide, le respect des r\u00e8gles et la joie de r\u00e9ussir ensemble.<\/p>\n\n\n\n<p>En combinant ces deux dimensions, l\u2019enfant apprend \u00e0 s\u2019\u00e9panouir autant individuellement que collectivement.<\/p>\n\n\n\n<p>\u2139\ufe0f Pas de carnet de notes en gymnastique : nous privil\u00e9gions une communication claire sur les activit\u00e9s, le comportement et nos observations, r\u00e9unies dans une farde qui suit chaque \u00e9l\u00e8ve jusqu\u2019\u00e0 la 6e primaire.<\/p>\n\n\n\n<p><strong>Natation : un apprentissage essentiel<\/strong><\/p>\n\n\n\n<p>D\u00e8s la 2e maternelle, les enfants b\u00e9n\u00e9ficient d\u2019un encadrement adapt\u00e9 :<\/p>\n\n\n\n<p>familiarisation avec l\u2019eau, apprentissage des techniques de nage, passage de brevets, d\u00e9couverte du sauvetage et des consignes de s\u00e9curit\u00e9.<\/p>\n\n\n\n<p>La natation d\u00e9veloppe la confiance en soi, la s\u00e9curit\u00e9 et la condition physique. Notre piscine, situ\u00e9e juste \u00e0 c\u00f4t\u00e9 de l\u2019\u00e9cole, permet des d\u00e9placements faciles et s\u00fbrs. Trois enseignants encadrent les s\u00e9ances afin d\u2019assurer un suivi attentif et personnalis\u00e9.<\/p>\n\n\n\n<p>\ud83c\udf1f Pour les enfants plus r\u00e9serv\u00e9s, c\u2019est aussi une belle occasion de gagner en assurance.<br>Notre objectif n\u2019est pas de former des champions, mais d\u2019accompagner chaque \u00e9l\u00e8ve dans un d\u00e9veloppement harmonieux.<\/p>\n\n\n\n<p><strong>Mme Cathy, Mme Laurence et M. Rapha\u00ebl<\/strong><\/p>\n\n\n\n<figure class=\"wp-block-image size-large is-resized\"><img loading=\"lazy\" decoding=\"async\" width=\"1024\" height=\"488\" src=\"https:\/\/www.lesacrecoeur.be\/SC\/wp-content\/uploads\/2025\/09\/Vive-le-sport-1024x488.png\" alt=\"\" class=\"wp-image-487\" style=\"width:456px;height:auto\" srcset=\"https:\/\/www.lesacrecoeur.be\/SC\/wp-content\/uploads\/2025\/09\/Vive-le-sport-1024x488.png 1024w, https:\/\/www.lesacrecoeur.be\/SC\/wp-content\/uploads\/2025\/09\/Vive-le-sport-300x143.png 300w, https:\/\/www.lesacrecoeur.be\/SC\/wp-content\/uploads\/2025\/09\/Vive-le-sport-768x366.png 768w, https:\/\/www.lesacrecoeur.be\/SC\/wp-content\/uploads\/2025\/09\/Vive-le-sport-1536x733.png 1536w, https:\/\/www.lesacrecoeur.be\/SC\/wp-content\/uploads\/2025\/09\/Vive-le-sport.png 1602w\" sizes=\"auto, (max-width: 1024px) 100vw, 1024px\" \/><\/figure>\n","protected":false},"excerpt":{"rendered":"<p>Psychomotricit\u00e9 : apprendre avec son corps En psychomotricit\u00e9, les enfants d\u00e9couvrent et apprennent \u00e0 travers le mouvement et le jeu.En explorant leur corps, l\u2019espace et les objets, ils d\u00e9veloppent leur motricit\u00e9, leur concentration, leur langage et leur confiance en eux.Chaque exp\u00e9rience corporelle devient une base pr\u00e9cieuse pour les apprentissages scolaires et pour grandir en \u00e9quilibre <a class=\"more-link\" href=\"https:\/\/www.lesacrecoeur.be\/SC\/sport-au-sacre-coeur\/\">Lire plus &#8230;<\/a><\/p>\n","protected":false},"author":2,"featured_media":0,"parent":0,"menu_order":0,"comment_status":"closed","ping_status":"closed","template":"","meta":{"footnotes":""},"class_list":["post-486","page","type-page","status-publish","hentry"],"_links":{"self":[{"href":"https:\/\/www.lesacrecoeur.be\/SC\/wp-json\/wp\/v2\/pages\/486","targetHints":{"allow":["GET"]}}],"collection":[{"href":"https:\/\/www.lesacrecoeur.be\/SC\/wp-json\/wp\/v2\/pages"}],"about":[{"href":"https:\/\/www.lesacrecoeur.be\/SC\/wp-json\/wp\/v2\/types\/page"}],"author":[{"embeddable":true,"href":"https:\/\/www.lesacrecoeur.be\/SC\/wp-json\/wp\/v2\/users\/2"}],"replies":[{"embeddable":true,"href":"https:\/\/www.lesacrecoeur.be\/SC\/wp-json\/wp\/v2\/comments?post=486"}],"version-history":[{"count":4,"href":"https:\/\/www.lesacrecoeur.be\/SC\/wp-json\/wp\/v2\/pages\/486\/revisions"}],"predecessor-version":[{"id":491,"href":"https:\/\/www.lesacrecoeur.be\/SC\/wp-json\/wp\/v2\/pages\/486\/revisions\/491"}],"wp:attachment":[{"href":"https:\/\/www.lesacrecoeur.be\/SC\/wp-json\/wp\/v2\/media?parent=486"}],"curies":[{"name":"wp","href":"https:\/\/api.w.org\/{rel}","templated":true}]}}