{"id":206,"date":"2022-08-29T09:29:31","date_gmt":"2022-08-29T07:29:31","guid":{"rendered":"https:\/\/www.lesacrecoeur.be\/SC\/?page_id=206"},"modified":"2022-08-29T09:29:31","modified_gmt":"2022-08-29T07:29:31","slug":"numerique","status":"publish","type":"page","link":"https:\/\/www.lesacrecoeur.be\/SC\/numerique\/","title":{"rendered":"Num\u00e9rique"},"content":{"rendered":"\n<p>A partir de la 3\u00e8me primaire, les enfants apprennent \u00e0 utiliser un ordinateur en travaillant sur une suite bureautique (Libre Office) ainsi que diff\u00e9rents programmes (Google Earth, Google Chrome, Paint 3D, Audacity, Blog, \u2026)<br><br>Nous prenons \u00e9galement le temps de d\u00e9couvrir internet, ses avantages ainsi que les risques.<br>Les \u00e9l\u00e8ves sortent du Sacr\u00e9-Coeur en ayant des connaissances informatiques utiles.<\/p>\n\n\n<div class=\"wp-block-image\">\n<figure class=\"aligncenter size-large is-resized\"><img loading=\"lazy\" decoding=\"async\" src=\"https:\/\/www.lesacrecoeur.be\/SC\/wp-content\/uploads\/2022\/08\/Num2-1024x768.jpeg\" alt=\"\" class=\"wp-image-207\" width=\"516\" height=\"387\" srcset=\"https:\/\/www.lesacrecoeur.be\/SC\/wp-content\/uploads\/2022\/08\/Num2-1024x768.jpeg 1024w, https:\/\/www.lesacrecoeur.be\/SC\/wp-content\/uploads\/2022\/08\/Num2-300x225.jpeg 300w, https:\/\/www.lesacrecoeur.be\/SC\/wp-content\/uploads\/2022\/08\/Num2-768x576.jpeg 768w, https:\/\/www.lesacrecoeur.be\/SC\/wp-content\/uploads\/2022\/08\/Num2-1536x1152.jpeg 1536w, https:\/\/www.lesacrecoeur.be\/SC\/wp-content\/uploads\/2022\/08\/Num2-2048x1536.jpeg 2048w\" sizes=\"auto, (max-width: 516px) 100vw, 516px\" \/><\/figure>\n<\/div>\n\n<div class=\"wp-block-image\">\n<figure class=\"aligncenter size-large is-resized\"><img loading=\"lazy\" decoding=\"async\" src=\"https:\/\/www.lesacrecoeur.be\/SC\/wp-content\/uploads\/2022\/08\/Num1-1024x768.jpeg\" alt=\"\" class=\"wp-image-208\" width=\"515\" height=\"386\" srcset=\"https:\/\/www.lesacrecoeur.be\/SC\/wp-content\/uploads\/2022\/08\/Num1-1024x768.jpeg 1024w, https:\/\/www.lesacrecoeur.be\/SC\/wp-content\/uploads\/2022\/08\/Num1-300x225.jpeg 300w, https:\/\/www.lesacrecoeur.be\/SC\/wp-content\/uploads\/2022\/08\/Num1-768x576.jpeg 768w, https:\/\/www.lesacrecoeur.be\/SC\/wp-content\/uploads\/2022\/08\/Num1-1536x1152.jpeg 1536w, https:\/\/www.lesacrecoeur.be\/SC\/wp-content\/uploads\/2022\/08\/Num1-2048x1536.jpeg 2048w\" sizes=\"auto, (max-width: 515px) 100vw, 515px\" \/><\/figure>\n<\/div>","protected":false},"excerpt":{"rendered":"<p>A partir de la 3\u00e8me primaire, les enfants apprennent \u00e0 utiliser un ordinateur en travaillant sur une suite bureautique (Libre Office) ainsi que diff\u00e9rents programmes (Google Earth, Google Chrome, Paint 3D, Audacity, Blog, \u2026) Nous prenons \u00e9galement le temps de d\u00e9couvrir internet, ses avantages ainsi que les risques.Les \u00e9l\u00e8ves sortent du Sacr\u00e9-Coeur en ayant des <a class=\"more-link\" href=\"https:\/\/www.lesacrecoeur.be\/SC\/numerique\/\">Lire plus &#8230;<\/a><\/p>\n","protected":false},"author":2,"featured_media":0,"parent":0,"menu_order":0,"comment_status":"closed","ping_status":"closed","template":"","meta":{"footnotes":""},"class_list":["post-206","page","type-page","status-publish","hentry"],"_links":{"self":[{"href":"https:\/\/www.lesacrecoeur.be\/SC\/wp-json\/wp\/v2\/pages\/206","targetHints":{"allow":["GET"]}}],"collection":[{"href":"https:\/\/www.lesacrecoeur.be\/SC\/wp-json\/wp\/v2\/pages"}],"about":[{"href":"https:\/\/www.lesacrecoeur.be\/SC\/wp-json\/wp\/v2\/types\/page"}],"author":[{"embeddable":true,"href":"https:\/\/www.lesacrecoeur.be\/SC\/wp-json\/wp\/v2\/users\/2"}],"replies":[{"embeddable":true,"href":"https:\/\/www.lesacrecoeur.be\/SC\/wp-json\/wp\/v2\/comments?post=206"}],"version-history":[{"count":1,"href":"https:\/\/www.lesacrecoeur.be\/SC\/wp-json\/wp\/v2\/pages\/206\/revisions"}],"predecessor-version":[{"id":209,"href":"https:\/\/www.lesacrecoeur.be\/SC\/wp-json\/wp\/v2\/pages\/206\/revisions\/209"}],"wp:attachment":[{"href":"https:\/\/www.lesacrecoeur.be\/SC\/wp-json\/wp\/v2\/media?parent=206"}],"curies":[{"name":"wp","href":"https:\/\/api.w.org\/{rel}","templated":true}]}}