{"id":200,"date":"2022-08-28T21:27:06","date_gmt":"2022-08-28T19:27:06","guid":{"rendered":"https:\/\/www.lesacrecoeur.be\/SC\/?page_id=200"},"modified":"2025-09-25T16:06:13","modified_gmt":"2025-09-25T14:06:13","slug":"lagenda-2","status":"publish","type":"page","link":"https:\/\/www.lesacrecoeur.be\/SC\/lagenda-2\/","title":{"rendered":"L&rsquo;agenda"},"content":{"rendered":"\n<figure class=\"wp-block-image size-large is-resized\"><img loading=\"lazy\" decoding=\"async\" width=\"683\" height=\"1024\" src=\"https:\/\/www.lesacrecoeur.be\/SC\/wp-content\/uploads\/2025\/09\/Evenements-SC-2025-2026-683x1024.png\" alt=\"\" class=\"wp-image-461\" style=\"width:375px;height:auto\" srcset=\"https:\/\/www.lesacrecoeur.be\/SC\/wp-content\/uploads\/2025\/09\/Evenements-SC-2025-2026-683x1024.png 683w, https:\/\/www.lesacrecoeur.be\/SC\/wp-content\/uploads\/2025\/09\/Evenements-SC-2025-2026-200x300.png 200w, https:\/\/www.lesacrecoeur.be\/SC\/wp-content\/uploads\/2025\/09\/Evenements-SC-2025-2026.png 1024w\" sizes=\"auto, (max-width: 683px) 100vw, 683px\" \/><\/figure>\n\n\n\n<p class=\"has-normal-font-size\"><\/p>\n\n\n\n<p class=\"has-normal-font-size\"><strong><em>Conf\u00e9rences p\u00e9dagogiques<\/em><\/strong> : cours suspendus et garderie organis\u00e9e&nbsp;:<\/p>\n\n\n\n<p><strong>Pour toute l&rsquo;\u00e9cole<\/strong>: <\/p>\n\n\n\n<ul class=\"wp-block-list\">\n<li>Mardi 16 septembre<\/li>\n\n\n\n<li>Mardi 14 octobre<\/li>\n<\/ul>\n\n\n\n<p class=\"has-normal-font-size\"><strong><em>Classes ext\u00e9rieures<\/em><\/strong> : au programme pour l\u2019ann\u00e9e scolaire 2024-2025&nbsp;<\/p>\n\n\n\n<ul class=\"wp-block-list\">\n<li>P1-P2&nbsp;: Classes de sport du 1er au 5 d\u00e9cembre 2025<\/li>\n\n\n\n<li>P5-P6 : Classes de sport du 9 au 13 f\u00e9vrier 2026<\/li>\n\n\n\n<li>P3 : Classes vertes du 30 mars au 3 avril 2026<\/li>\n\n\n\n<li>P4 : Classes vertes du 13 au 17 avril 2026<\/li>\n\n\n\n<li>M3 : Classes de mer les 15,16 et 17 juin 2026<\/li>\n<\/ul>\n\n\n\n<p class=\"has-normal-font-size\"><strong>Le calendrier des cong\u00e9s scolaires 2025-2026<\/strong><\/p>\n\n\n\n<p>Cong\u00e9 d\u2019automne : Du lundi 20 octobre au dimanche 2 novembre 2025<br>Jour de l&rsquo;armistice : Mardi 11 novembre 2025<br>Vacances d\u2019hiver : Du lundi 22 d\u00e9cembre 2025 au dimanche 4 janvier 2026<br>Cong\u00e9 de d\u00e9tente : Du lundi 16 f\u00e9vrier au dimanche 1er mars 2026<br>Lundi de P\u00e2ques : Lundi 6 avril 2026<br>Vacances de printemps : Du lundi 27 avril au dimanche 10 mai 2026<br>Jeudi de l&rsquo;Ascension : Jeudi 14 mai 2026<br>Lundi de Pentec\u00f4te : Lundi 25 mai 2026<br>Les vacances d\u2019\u00e9t\u00e9 d\u00e9butent le : Samedi 4 juillet 2026<\/p>\n\n\n\n<figure class=\"wp-block-image size-large is-resized\"><img loading=\"lazy\" decoding=\"async\" width=\"1024\" height=\"683\" src=\"https:\/\/www.lesacrecoeur.be\/SC\/wp-content\/uploads\/2022\/08\/pexels-markus-spiske-2280913-1024x683.jpg\" alt=\"\" class=\"wp-image-46\" style=\"width:496px;height:331px\" srcset=\"https:\/\/www.lesacrecoeur.be\/SC\/wp-content\/uploads\/2022\/08\/pexels-markus-spiske-2280913-1024x683.jpg 1024w, https:\/\/www.lesacrecoeur.be\/SC\/wp-content\/uploads\/2022\/08\/pexels-markus-spiske-2280913-300x200.jpg 300w, https:\/\/www.lesacrecoeur.be\/SC\/wp-content\/uploads\/2022\/08\/pexels-markus-spiske-2280913-768x512.jpg 768w, https:\/\/www.lesacrecoeur.be\/SC\/wp-content\/uploads\/2022\/08\/pexels-markus-spiske-2280913-1536x1024.jpg 1536w, https:\/\/www.lesacrecoeur.be\/SC\/wp-content\/uploads\/2022\/08\/pexels-markus-spiske-2280913-2048x1365.jpg 2048w\" sizes=\"auto, (max-width: 1024px) 100vw, 1024px\" \/><\/figure>\n","protected":false},"excerpt":{"rendered":"<p>Conf\u00e9rences p\u00e9dagogiques : cours suspendus et garderie organis\u00e9e&nbsp;: Pour toute l&rsquo;\u00e9cole: Classes ext\u00e9rieures : au programme pour l\u2019ann\u00e9e scolaire 2024-2025&nbsp; Le calendrier des cong\u00e9s scolaires 2025-2026 Cong\u00e9 d\u2019automne : Du lundi 20 octobre au dimanche 2 novembre 2025Jour de l&rsquo;armistice : Mardi 11 novembre 2025Vacances d\u2019hiver : Du lundi 22 d\u00e9cembre 2025 au dimanche 4 <a class=\"more-link\" href=\"https:\/\/www.lesacrecoeur.be\/SC\/lagenda-2\/\">Lire plus &#8230;<\/a><\/p>\n","protected":false},"author":2,"featured_media":0,"parent":0,"menu_order":0,"comment_status":"closed","ping_status":"closed","template":"","meta":{"footnotes":""},"class_list":["post-200","page","type-page","status-publish","hentry"],"_links":{"self":[{"href":"https:\/\/www.lesacrecoeur.be\/SC\/wp-json\/wp\/v2\/pages\/200","targetHints":{"allow":["GET"]}}],"collection":[{"href":"https:\/\/www.lesacrecoeur.be\/SC\/wp-json\/wp\/v2\/pages"}],"about":[{"href":"https:\/\/www.lesacrecoeur.be\/SC\/wp-json\/wp\/v2\/types\/page"}],"author":[{"embeddable":true,"href":"https:\/\/www.lesacrecoeur.be\/SC\/wp-json\/wp\/v2\/users\/2"}],"replies":[{"embeddable":true,"href":"https:\/\/www.lesacrecoeur.be\/SC\/wp-json\/wp\/v2\/comments?post=200"}],"version-history":[{"count":12,"href":"https:\/\/www.lesacrecoeur.be\/SC\/wp-json\/wp\/v2\/pages\/200\/revisions"}],"predecessor-version":[{"id":500,"href":"https:\/\/www.lesacrecoeur.be\/SC\/wp-json\/wp\/v2\/pages\/200\/revisions\/500"}],"wp:attachment":[{"href":"https:\/\/www.lesacrecoeur.be\/SC\/wp-json\/wp\/v2\/media?parent=200"}],"curies":[{"name":"wp","href":"https:\/\/api.w.org\/{rel}","templated":true}]}}