{"id":191,"date":"2022-08-26T14:09:52","date_gmt":"2022-08-26T12:09:52","guid":{"rendered":"https:\/\/www.lesacrecoeur.be\/SC\/?page_id=191"},"modified":"2025-10-02T11:08:57","modified_gmt":"2025-10-02T09:08:57","slug":"lequipe-enseignante","status":"publish","type":"page","link":"https:\/\/www.lesacrecoeur.be\/SC\/lequipe-enseignante\/","title":{"rendered":"L&rsquo;\u00e9quipe \u00e9ducative"},"content":{"rendered":"\n<figure class=\"wp-block-image size-full\"><img loading=\"lazy\" decoding=\"async\" width=\"1792\" height=\"865\" src=\"https:\/\/www.lesacrecoeur.be\/SC\/wp-content\/uploads\/2025\/09\/15bd588e-6844-4feb-8a44-ba43264655fc.jpg\" alt=\"\" class=\"wp-image-466\" srcset=\"https:\/\/www.lesacrecoeur.be\/SC\/wp-content\/uploads\/2025\/09\/15bd588e-6844-4feb-8a44-ba43264655fc.jpg 1792w, https:\/\/www.lesacrecoeur.be\/SC\/wp-content\/uploads\/2025\/09\/15bd588e-6844-4feb-8a44-ba43264655fc-300x145.jpg 300w, https:\/\/www.lesacrecoeur.be\/SC\/wp-content\/uploads\/2025\/09\/15bd588e-6844-4feb-8a44-ba43264655fc-1024x494.jpg 1024w, https:\/\/www.lesacrecoeur.be\/SC\/wp-content\/uploads\/2025\/09\/15bd588e-6844-4feb-8a44-ba43264655fc-768x371.jpg 768w, https:\/\/www.lesacrecoeur.be\/SC\/wp-content\/uploads\/2025\/09\/15bd588e-6844-4feb-8a44-ba43264655fc-1536x741.jpg 1536w\" sizes=\"auto, (max-width: 1792px) 100vw, 1792px\" \/><\/figure>\n\n\n\n<p>Depuis la rentr\u00e9e d\u2019ao\u00fbt 2022, le Sacr\u00e9 C\u0153ur de Stockel a \u00e9t\u00e9 scind\u00e9 en 2 \u00e9coles avec 2 directions, l\u2019\u00e9cole 1<br>avec nos plus petits (Accueil \u00e0 P2) et l\u2019\u00e9cole 2 des plus grands (P3 \u00e0 P6)<br><br>Voici l\u2019\u00e9quipe \u00e9ducative qui sera ravie d\u2019accompagner vos enfants tout au long de cette ann\u00e9e scolaire :<\/p>\n\n\n\n<p><strong>Ecole 1<\/strong>&nbsp;: <strong>Direction&nbsp;<\/strong>: G\u00e9raldine Eechaute<\/p>\n\n\n\n<h2 class=\"wp-block-heading has-large-font-size\">Equipe maternelle<\/h2>\n\n\n\n<p><strong>Classe d\u2019accueil<\/strong>&nbsp;: Aur\u00e9lie Wartel, Laetitia Saint-R\u00e9my et Val\u00e9rie Colignon<\/p>\n\n\n\n<p><strong>Plateaux 3 et 4 ans<\/strong>&nbsp;: Isabelle N\u00e9lis, Natacha Lekenne, D\u00e9borah Aragon, Laura Drouillon et Emilie Corbisier et Anita Araszkiewicz<\/p>\n\n\n\n<p><strong>Troisi\u00e8mes maternelles<\/strong>&nbsp;: V\u00e9ronique Mortier, Marie-No\u00eblle Wathelet et M\u00e9lin\u00e9e Holemans<\/p>\n\n\n\n<p><strong>Assistante maternelle&nbsp;: <\/strong>Sandra et Ouahiba<\/p>\n\n\n\n<p><strong>Psychomotricienne <\/strong>: Laurence Lenoble<\/p>\n\n\n\n<h2 class=\"wp-block-heading has-large-font-size\">Equipe primaire<\/h2>\n\n\n\n<p><strong>Premi\u00e8res ann\u00e9es<\/strong>&nbsp;: Sandrine Maurissen et L\u00e9a Sapart <\/p>\n\n\n\n<p><strong>Co-enseignement en 1P<\/strong>: Kathleen Bouvy<\/p>\n\n\n\n<p><strong>Deuxi\u00e8mes ann\u00e9es<\/strong>&nbsp;: Aur\u00e9lie Poquet et Laura Vanmoer<\/p>\n\n\n\n<p><strong>Co-enseignement en 2P<\/strong>: Annick Geets<\/p>\n\n\n\n<p><strong>Co-enseignement en 1P et 2P<\/strong>: Alice Accarain<\/p>\n\n\n\n<p><strong>Eveil aux langues en 1P et 2P<\/strong> : Sacha Van Droogenbroeck<\/p>\n\n\n\n<p>&#8212;&#8212;&#8212;&#8212;&#8212;&#8212;&#8212;&#8212;&#8212;&#8212;&#8212;&#8212;&#8212;&#8212;&#8212;&#8212;&#8212;&#8212;&#8212;&#8212;&#8212;&#8212;&#8212;&#8212;&#8212;<\/p>\n\n\n\n<p><strong>Ecole 2<\/strong>&nbsp;:<strong> Direction&nbsp;<\/strong>: Thomas Hendricks<\/p>\n\n\n\n<p><strong>Troisi\u00e8mes ann\u00e9es<\/strong>&nbsp;: Julie Meganck et Caroline Reumont<\/p>\n\n\n\n<p><strong>Quatri\u00e8mes ann\u00e9es<\/strong>&nbsp;:  Kenza Ta\u00efeb et Sabine Mahy<\/p>\n\n\n\n<p><strong>Co-enseignement en 3P et 4P&nbsp;:<\/strong> Annick Darc<\/p>\n\n\n\n<p><strong>Professeur de n\u00e9erlandais&nbsp;3P et 4P<\/strong> : Anne Ranjard<\/p>\n\n\n\n<p><strong>Cinqui\u00e8mes ann\u00e9es<\/strong>\u00a0: B\u00e9atrice Hody et Fr\u00e9d\u00e9ric De Myttenaere <\/p>\n\n\n\n<p><strong>Sixi\u00e8mes ann\u00e9es<\/strong>\u00a0: Marie Guilmain et Sophie Roeseler<\/p>\n\n\n\n<p><strong>Professeurs de n\u00e9erlandais 5P et 6P<\/strong>&nbsp;: Sacha Van Droogenbroeck et No\u00e9mie Moens<\/p>\n\n\n\n<p><strong>Co-enseignement en 5P et 6P&nbsp;<\/strong>: No\u00e9mie Moens et Liam Vanderstraeten<\/p>\n\n\n\n<p><strong>Pour les 2 \u00e9coles&nbsp;:<\/strong><\/p>\n\n\n\n<p><strong>Professeurs d&rsquo;\u00e9ducation physique et de natation<\/strong>&nbsp;: Cathy Gateau, Laurence Lenoble et Rapha\u00ebl De Myttenaere<\/p>\n\n\n\n<p><strong>Educateur&nbsp;: <\/strong>Romain Goffette<\/p>\n\n\n\n<p><strong>Secr\u00e9tariat<\/strong>&nbsp;: G\u00e9raldine Duqu\u00e9<\/p>\n\n\n\n<p><strong>Animation religieuse<\/strong> : Les Abb\u00e9s Jacques Leirens et Etienne Montero<\/p>\n\n\n\n<h2 class=\"wp-block-heading has-large-font-size\">Personnel encadrant suppl\u00e9mentaire<\/h2>\n\n\n\n<p>Chantal et Biam.<\/p>\n\n\n\n<p><\/p>\n","protected":false},"excerpt":{"rendered":"<p>Depuis la rentr\u00e9e d\u2019ao\u00fbt 2022, le Sacr\u00e9 C\u0153ur de Stockel a \u00e9t\u00e9 scind\u00e9 en 2 \u00e9coles avec 2 directions, l\u2019\u00e9cole 1avec nos plus petits (Accueil \u00e0 P2) et l\u2019\u00e9cole 2 des plus grands (P3 \u00e0 P6) Voici l\u2019\u00e9quipe \u00e9ducative qui sera ravie d\u2019accompagner vos enfants tout au long de cette ann\u00e9e scolaire : Ecole 1&nbsp;: <a class=\"more-link\" href=\"https:\/\/www.lesacrecoeur.be\/SC\/lequipe-enseignante\/\">Lire plus &#8230;<\/a><\/p>\n","protected":false},"author":2,"featured_media":0,"parent":0,"menu_order":0,"comment_status":"closed","ping_status":"closed","template":"","meta":{"footnotes":""},"class_list":["post-191","page","type-page","status-publish","hentry"],"_links":{"self":[{"href":"https:\/\/www.lesacrecoeur.be\/SC\/wp-json\/wp\/v2\/pages\/191","targetHints":{"allow":["GET"]}}],"collection":[{"href":"https:\/\/www.lesacrecoeur.be\/SC\/wp-json\/wp\/v2\/pages"}],"about":[{"href":"https:\/\/www.lesacrecoeur.be\/SC\/wp-json\/wp\/v2\/types\/page"}],"author":[{"embeddable":true,"href":"https:\/\/www.lesacrecoeur.be\/SC\/wp-json\/wp\/v2\/users\/2"}],"replies":[{"embeddable":true,"href":"https:\/\/www.lesacrecoeur.be\/SC\/wp-json\/wp\/v2\/comments?post=191"}],"version-history":[{"count":10,"href":"https:\/\/www.lesacrecoeur.be\/SC\/wp-json\/wp\/v2\/pages\/191\/revisions"}],"predecessor-version":[{"id":506,"href":"https:\/\/www.lesacrecoeur.be\/SC\/wp-json\/wp\/v2\/pages\/191\/revisions\/506"}],"wp:attachment":[{"href":"https:\/\/www.lesacrecoeur.be\/SC\/wp-json\/wp\/v2\/media?parent=191"}],"curies":[{"name":"wp","href":"https:\/\/api.w.org\/{rel}","templated":true}]}}