{"id":142,"date":"2022-08-17T13:46:10","date_gmt":"2022-08-17T11:46:10","guid":{"rendered":"https:\/\/www.lesacrecoeur.be\/SC\/?page_id=142"},"modified":"2025-09-04T11:05:00","modified_gmt":"2025-09-04T09:05:00","slug":"details-pratiques","status":"publish","type":"page","link":"https:\/\/www.lesacrecoeur.be\/SC\/details-pratiques\/","title":{"rendered":"D\u00e9tails pratiques"},"content":{"rendered":"\n<p><strong>Qui sommes-nous?<\/strong><br><br>Le Sacr\u00e9-Coeur de Stockel est une \u00e9cole libre subventionn\u00e9e par la Communaut\u00e9 fran\u00e7aise.<br>Nous accueillons un public mixte au coeur du quartier \u00ab\u00a0Stockel\u00a0\u00bb dans\u00a0 la commune de <br>Woluw\u00e9-Saint-Pierre\u00a0(r\u00e9gion bruxelloise).<br>+\/- 180 \u00e9l\u00e8ves en maternelle<br>+\/- 280 \u00e9l\u00e8ves en primaire.<br><a href=\"https:\/\/www.lesacrecoeur.be\/SC\/lequipe-enseignante\/\" data-type=\"URL\" data-id=\"https:\/\/www.lesacrecoeur.be\/SC\/lequipe-enseignante\/\">Le corps enseignant<\/a><br><a href=\"https:\/\/www.lesacrecoeur.be\/SC\/wp-content\/uploads\/2025\/09\/carnet-de-rentree-2025-2026.pdf\" data-type=\"URL\" data-id=\"https:\/\/www.lesacrecoeur.be\/SC\/wp-content\/uploads\/2022\/08\/carnet-de-rentree-2022-2023-ok.pdf\">L\u2019\u00e9cole de A \u00e0 Z<\/a><\/p>\n\n\n<div class=\"wp-block-image\">\n<figure class=\"alignleft size-full is-resized\"><img loading=\"lazy\" decoding=\"async\" width=\"700\" height=\"628\" src=\"https:\/\/www.lesacrecoeur.be\/SC\/wp-content\/uploads\/2022\/08\/Ecole-3D2.jpg\" alt=\"\" class=\"wp-image-100\" style=\"width:324px;height:291px\" srcset=\"https:\/\/www.lesacrecoeur.be\/SC\/wp-content\/uploads\/2022\/08\/Ecole-3D2.jpg 700w, https:\/\/www.lesacrecoeur.be\/SC\/wp-content\/uploads\/2022\/08\/Ecole-3D2-300x269.jpg 300w\" sizes=\"auto, (max-width: 700px) 100vw, 700px\" \/><\/figure>\n<\/div>\n\n\n<p><strong>Comment s&rsquo;y rendre ?<\/strong><\/p>\n\n\n\n<p>\u2022 En transport en commun:&nbsp;<br>\u2013 Proximit\u00e9 E411 et E40<br>\u2013 Via le Ring sorties 1 ou 2<br>&nbsp;<br>\u2022 En transport en commun:&nbsp;<br>\u2013 M\u00e9tro 1 arr\u00eat Stockel<br>\u2013 Bus 36 arr\u00eat Stockel<br>\u2013 Tram 39 arr\u00eat Stockel<br>\u2013 de Lijn 316\/317<br>\u2013 TEC Conforto Bis<\/p>\n\n\n\n<p><\/p>\n\n\n\n<p><br><strong>L&rsquo;horaire:<\/strong><br><br>\u2022 L\u2019\u00e9cole ouvre ses portes le matin\u00a0\u00e0 <strong>7h30\u00a0<\/strong>et les ferme\u00a0\u00e0 <strong>18h00<\/strong>.<br>\u2022 Les activit\u00e9s scolaires ont lieu\u00a0de <strong>8h30 \u00e0 12h05<\/strong> et\u00a0de <strong>13h30 \u00e0 15h25<\/strong>\u00a0(lundi, mardi, jeudi et vendredi) et\u00a0de 8h30 \u00e0 12h05\u00a0(mercredi). <strong>!! Mardi fin des cours \u00e0 15h !!<\/strong><br>\u2022 Garderie du matin\u00a0: Un montant de 1 \u20ac vous sera demand\u00e9 par enfant qui arrive avant 8h.<br>\u2022 Garderie du soir et du mercredi apr\u00e8s-midi :\u00a0<strong><a href=\"https:\/\/www.lesacrecoeur.be\/SC\/dynamix-23\/\" data-type=\"URL\" data-id=\"https:\/\/www.lesacrecoeur.be\/SC\/wp-content\/uploads\/2022\/08\/DOSSIER_AES_SCS_iclub_Dynamix23.pdf\">Dynamix 23<\/a><\/strong><\/p>\n\n\n\n<p><\/p>\n","protected":false},"excerpt":{"rendered":"<p>Qui sommes-nous? Le Sacr\u00e9-Coeur de Stockel est une \u00e9cole libre subventionn\u00e9e par la Communaut\u00e9 fran\u00e7aise.Nous accueillons un public mixte au coeur du quartier \u00ab\u00a0Stockel\u00a0\u00bb dans\u00a0 la commune de Woluw\u00e9-Saint-Pierre\u00a0(r\u00e9gion bruxelloise).+\/- 180 \u00e9l\u00e8ves en maternelle+\/- 280 \u00e9l\u00e8ves en primaire.Le corps enseignantL\u2019\u00e9cole de A \u00e0 Z Comment s&rsquo;y rendre ? \u2022 En transport en commun:&nbsp;\u2013 Proximit\u00e9 E411 <a class=\"more-link\" href=\"https:\/\/www.lesacrecoeur.be\/SC\/details-pratiques\/\">Lire plus &#8230;<\/a><\/p>\n","protected":false},"author":2,"featured_media":0,"parent":0,"menu_order":0,"comment_status":"closed","ping_status":"closed","template":"","meta":{"footnotes":""},"class_list":["post-142","page","type-page","status-publish","hentry"],"_links":{"self":[{"href":"https:\/\/www.lesacrecoeur.be\/SC\/wp-json\/wp\/v2\/pages\/142","targetHints":{"allow":["GET"]}}],"collection":[{"href":"https:\/\/www.lesacrecoeur.be\/SC\/wp-json\/wp\/v2\/pages"}],"about":[{"href":"https:\/\/www.lesacrecoeur.be\/SC\/wp-json\/wp\/v2\/types\/page"}],"author":[{"embeddable":true,"href":"https:\/\/www.lesacrecoeur.be\/SC\/wp-json\/wp\/v2\/users\/2"}],"replies":[{"embeddable":true,"href":"https:\/\/www.lesacrecoeur.be\/SC\/wp-json\/wp\/v2\/comments?post=142"}],"version-history":[{"count":17,"href":"https:\/\/www.lesacrecoeur.be\/SC\/wp-json\/wp\/v2\/pages\/142\/revisions"}],"predecessor-version":[{"id":483,"href":"https:\/\/www.lesacrecoeur.be\/SC\/wp-json\/wp\/v2\/pages\/142\/revisions\/483"}],"wp:attachment":[{"href":"https:\/\/www.lesacrecoeur.be\/SC\/wp-json\/wp\/v2\/media?parent=142"}],"curies":[{"name":"wp","href":"https:\/\/api.w.org\/{rel}","templated":true}]}}