{"id":112,"date":"2022-08-11T21:00:57","date_gmt":"2022-08-11T19:00:57","guid":{"rendered":"https:\/\/www.lesacrecoeur.be\/SC\/?page_id=112"},"modified":"2022-08-11T21:00:57","modified_gmt":"2022-08-11T19:00:57","slug":"documents-necessaires-a-la-demande-dinscription","status":"publish","type":"page","link":"https:\/\/www.lesacrecoeur.be\/SC\/documents-necessaires-a-la-demande-dinscription\/","title":{"rendered":"Documents n\u00e9cessaires \u00e0 la demande d&rsquo;inscription"},"content":{"rendered":"\n<p>Pour la demande d\u2019inscription de votre enfant, vous devez fournir:<br><br>\u2022 La fiche d\u2019inscription et signal\u00e9tique qui vous sera remise lors de votre visite<br>\u2022 Une copie de la carte d\u2019identit\u00e9 ou du passeport de l\u2019enfant,<br>\u2022 Une copie de la carte SIS de l\u2019enfant s\u2019il en poss\u00e8de une,<br>\u2022 Une vignette mutuelle au nom de l\u2019enfant,<br>\u2022 Une copie recto-verso de la carte d\u2019identit\u00e9 ou du passeport des parents ou du responsable l\u00e9gal de l\u2019enfant,<br>\u2022 Une composition de m\u00e9nage d\u00e9livr\u00e9e par votre administration communale<br>\u2022 Une attestation de l\u2019employeur avec les coordonn\u00e9es de l\u2019enfant SI les parents travaillent \u00e0 l\u2019OTAN ou dans une ambassade,<br>\u2022 Un document indiquant la date d\u2019entr\u00e9e sur le territoire belge SI l\u2019enfant est de nationalit\u00e9 \u00e9trang\u00e8re ET n\u00e9 \u00e0 l\u2019\u00e9tranger,<br>\u2022 Un document d\u2019autorisation de changement d\u2019\u00e9cole \u00e0 demander \u00e0 l\u2019\u00e9cole de d\u00e9part, S\u2019il s\u2019agit d\u2019un changement d\u2019\u00e9cole en cours d\u2019ann\u00e9e scolaire ou au milieu d\u2019un cycle.<br><br>C\u2019est lorsque tous ces documents sont en notre possession que nous finalisons l\u2019inscription de votre enfant, pour autant qu\u2019il reste des places disponibles dans l\u2019ann\u00e9e correspondant aux besoins de votre enfant. Afin d\u2019organiser au mieux l\u2019encadrement des enfants et la r\u00e9partition des classes, \u00e0 la r\u00e9ception du dossier, nous vous demanderons de signer un document d\u2019inscription unique pour notre \u00e9tablissement.<\/p>\n","protected":false},"excerpt":{"rendered":"<p>Pour la demande d\u2019inscription de votre enfant, vous devez fournir: \u2022 La fiche d\u2019inscription et signal\u00e9tique qui vous sera remise lors de votre visite\u2022 Une copie de la carte d\u2019identit\u00e9 ou du passeport de l\u2019enfant,\u2022 Une copie de la carte SIS de l\u2019enfant s\u2019il en poss\u00e8de une,\u2022 Une vignette mutuelle au nom de l\u2019enfant,\u2022 Une <a class=\"more-link\" href=\"https:\/\/www.lesacrecoeur.be\/SC\/documents-necessaires-a-la-demande-dinscription\/\">Lire plus &#8230;<\/a><\/p>\n","protected":false},"author":2,"featured_media":0,"parent":0,"menu_order":0,"comment_status":"closed","ping_status":"closed","template":"","meta":{"footnotes":""},"class_list":["post-112","page","type-page","status-publish","hentry"],"_links":{"self":[{"href":"https:\/\/www.lesacrecoeur.be\/SC\/wp-json\/wp\/v2\/pages\/112","targetHints":{"allow":["GET"]}}],"collection":[{"href":"https:\/\/www.lesacrecoeur.be\/SC\/wp-json\/wp\/v2\/pages"}],"about":[{"href":"https:\/\/www.lesacrecoeur.be\/SC\/wp-json\/wp\/v2\/types\/page"}],"author":[{"embeddable":true,"href":"https:\/\/www.lesacrecoeur.be\/SC\/wp-json\/wp\/v2\/users\/2"}],"replies":[{"embeddable":true,"href":"https:\/\/www.lesacrecoeur.be\/SC\/wp-json\/wp\/v2\/comments?post=112"}],"version-history":[{"count":1,"href":"https:\/\/www.lesacrecoeur.be\/SC\/wp-json\/wp\/v2\/pages\/112\/revisions"}],"predecessor-version":[{"id":113,"href":"https:\/\/www.lesacrecoeur.be\/SC\/wp-json\/wp\/v2\/pages\/112\/revisions\/113"}],"wp:attachment":[{"href":"https:\/\/www.lesacrecoeur.be\/SC\/wp-json\/wp\/v2\/media?parent=112"}],"curies":[{"name":"wp","href":"https:\/\/api.w.org\/{rel}","templated":true}]}}