{"id":110,"date":"2022-08-11T20:58:51","date_gmt":"2022-08-11T18:58:51","guid":{"rendered":"https:\/\/www.lesacrecoeur.be\/SC\/?page_id=110"},"modified":"2025-09-04T11:02:27","modified_gmt":"2025-09-04T09:02:27","slug":"inscription","status":"publish","type":"page","link":"https:\/\/www.lesacrecoeur.be\/SC\/inscription\/","title":{"rendered":"Inscription"},"content":{"rendered":"\n<p>Comment s\u2019inscrire ?<br><br>Chers parents,<br><br>Si vous d\u00e9sirez inscrire votre enfant, en maternelle ou en primaire, je vous invite \u00e0 entrer dans l\u2019\u00e9cole.<br>Lors de notre rencontre, je vous expliquerai les projets et valeurs de notre \u00e9tablissement. Je prendrai \u00e9galement le temps de r\u00e9pondre \u00e0 toutes vos questions, attentes, demandes et nous terminerons par une petite visite des lieux.<br>C\u2019est en effet en entrant dans les murs de notre \u00e9cole, en rencontrant les professeurs et les \u00e9l\u00e8ves que vos enfants c\u00f4toieront que vous vous ferez une id\u00e9e concr\u00e8te de la vie et de l\u2019ambiance qui y r\u00e8gne.<br>Ci-dessous, vous trouverez la proc\u00e9dure d\u00e9taill\u00e9e \u00e0 suivre pour toute demande.<br>En attendant de faire votre connaissance, je vous remercie d\u00e9j\u00e0 pour l\u2019int\u00e9r\u00eat et la confiance que vous portez \u00e0 notre \u00e9cole.<br><br>G\u00e9raldine EECHAUTE &amp; Thomas HENDRICKS<br>Directeurs<br><br><strong>Proc\u00e9dure<\/strong><br><br>Pour toute demande \u00e9ventuelle d\u2019inscription, merci de prendre contact avec Madame G\u00e9raldine Duqu\u00e9 (secr\u00e9tariat de l\u2019\u00e9cole) \u00e0 partir <strong>du lundi 13 octobre.<\/strong><\/p>\n\n\n\n<p>Deux possibilit\u00e9s s\u2019offrent \u00e0 vous&nbsp;:<br>\u2022 Par t\u00e9l\u00e9phone : les lundis, mardis, jeudis et vendredis de 8h30 \u00e0 17h au 02\/779.07.87<br>\u2022 Par email&nbsp;: <a href=\"mailto:info@lesacrecoeur.be\">info@lesacrecoeur.be<\/a><\/p>\n","protected":false},"excerpt":{"rendered":"<p>Comment s\u2019inscrire ? Chers parents, Si vous d\u00e9sirez inscrire votre enfant, en maternelle ou en primaire, je vous invite \u00e0 entrer dans l\u2019\u00e9cole.Lors de notre rencontre, je vous expliquerai les projets et valeurs de notre \u00e9tablissement. Je prendrai \u00e9galement le temps de r\u00e9pondre \u00e0 toutes vos questions, attentes, demandes et nous terminerons par une petite <a class=\"more-link\" href=\"https:\/\/www.lesacrecoeur.be\/SC\/inscription\/\">Lire plus &#8230;<\/a><\/p>\n","protected":false},"author":2,"featured_media":0,"parent":0,"menu_order":0,"comment_status":"closed","ping_status":"closed","template":"","meta":{"footnotes":""},"class_list":["post-110","page","type-page","status-publish","hentry"],"_links":{"self":[{"href":"https:\/\/www.lesacrecoeur.be\/SC\/wp-json\/wp\/v2\/pages\/110","targetHints":{"allow":["GET"]}}],"collection":[{"href":"https:\/\/www.lesacrecoeur.be\/SC\/wp-json\/wp\/v2\/pages"}],"about":[{"href":"https:\/\/www.lesacrecoeur.be\/SC\/wp-json\/wp\/v2\/types\/page"}],"author":[{"embeddable":true,"href":"https:\/\/www.lesacrecoeur.be\/SC\/wp-json\/wp\/v2\/users\/2"}],"replies":[{"embeddable":true,"href":"https:\/\/www.lesacrecoeur.be\/SC\/wp-json\/wp\/v2\/comments?post=110"}],"version-history":[{"count":5,"href":"https:\/\/www.lesacrecoeur.be\/SC\/wp-json\/wp\/v2\/pages\/110\/revisions"}],"predecessor-version":[{"id":481,"href":"https:\/\/www.lesacrecoeur.be\/SC\/wp-json\/wp\/v2\/pages\/110\/revisions\/481"}],"wp:attachment":[{"href":"https:\/\/www.lesacrecoeur.be\/SC\/wp-json\/wp\/v2\/media?parent=110"}],"curies":[{"name":"wp","href":"https:\/\/api.w.org\/{rel}","templated":true}]}}